{"id":13,"date":"2024-12-16T11:46:32","date_gmt":"2024-12-16T16:46:32","guid":{"rendered":"https:\/\/indetecno.org.pe\/?page_id=13"},"modified":"2025-04-16T10:54:17","modified_gmt":"2025-04-16T15:54:17","slug":"mision-y-vision","status":"publish","type":"page","link":"https:\/\/indetecno.org.pe\/index.php\/mision-y-vision\/","title":{"rendered":"Misi\u00f3n y Visi\u00f3n"},"content":{"rendered":"\n<div class=\"wp-block-columns are-vertically-aligned-top is-layout-flex wp-container-core-columns-is-layout-9d6595d7 wp-block-columns-is-layout-flex\">\n<div class=\"wp-block-column is-vertically-aligned-top is-layout-flow wp-block-column-is-layout-flow\"><div class=\"wp-block-image is-style-default\">\n<figure class=\"aligncenter size-full is-resized\"><img loading=\"lazy\" decoding=\"async\" width=\"127\" height=\"100\" src=\"https:\/\/indetecno.org.pe\/wp-content\/uploads\/2025\/04\/mision-Indetecno.png\" alt=\"\" class=\"wp-image-190\" style=\"width:auto;height:100px\"\/><\/figure>\n<\/div>\n\n\n<p class=\"has-text-align-center\"><strong>MISION<\/strong><\/p>\n\n\n\n<p class=\"has-text-align-center\">INDETECNO es una entidad que genera conocimiento agrario en base a la investigaci\u00f3n b\u00e1sica, cient\u00edfica y aplicada, aplicando tecnolog\u00edas innovadoras y sostenibles que se adecuan a las aspiraciones de los peque\u00f1os productores.<\/p>\n<\/div>\n\n\n\n<div class=\"wp-block-column is-vertically-aligned-top is-layout-flow wp-block-column-is-layout-flow\"><div class=\"wp-block-image\">\n<figure class=\"aligncenter size-full is-resized\"><img loading=\"lazy\" decoding=\"async\" width=\"171\" height=\"100\" src=\"https:\/\/indetecno.org.pe\/wp-content\/uploads\/2025\/04\/vision.png\" alt=\"\" class=\"wp-image-186\" style=\"width:auto;height:100px\"\/><\/figure>\n<\/div>\n\n\n<p class=\"has-text-align-center\"><strong>VISION<\/strong><br>INDETECNO aspira ser reconocido por su liderazgo en la investigaci\u00f3n agraria sostenible, generando soluciones pr\u00e1cticas para los peque\u00f1os productores en el \u00e1mbito de la peque\u00f1a agricultura con \u00e9nfasis en la econom\u00eda circular, soberan\u00eda alimentaria y protecci\u00f3n del medio ambiente.<\/p>\n<\/div>\n<\/div>\n\n\n\n<p><\/p>\n\n\n\n<ul class=\"wp-block-social-links is-layout-flex wp-block-social-links-is-layout-flex\"><\/ul>\n\n\n\n<p><\/p>\n","protected":false},"excerpt":{"rendered":"<p>MISION INDETECNO es una entidad que genera conocimiento agrario en base a la investigaci\u00f3n b\u00e1sica, cient\u00edfica y aplicada, aplicando tecnolog\u00edas innovadoras y sostenibles que se adecuan a las aspiraciones de los peque\u00f1os productores. VISIONINDETECNO aspira ser reconocido por su liderazgo en la investigaci\u00f3n agraria sostenible, generando soluciones pr\u00e1cticas para los peque\u00f1os productores en el \u00e1mbito [&hellip;]<\/p>\n","protected":false},"author":1,"featured_media":0,"parent":0,"menu_order":0,"comment_status":"closed","ping_status":"closed","template":"","meta":{"footnotes":""},"class_list":["post-13","page","type-page","status-publish","hentry"],"_links":{"self":[{"href":"https:\/\/indetecno.org.pe\/index.php\/wp-json\/wp\/v2\/pages\/13","targetHints":{"allow":["GET"]}}],"collection":[{"href":"https:\/\/indetecno.org.pe\/index.php\/wp-json\/wp\/v2\/pages"}],"about":[{"href":"https:\/\/indetecno.org.pe\/index.php\/wp-json\/wp\/v2\/types\/page"}],"author":[{"embeddable":true,"href":"https:\/\/indetecno.org.pe\/index.php\/wp-json\/wp\/v2\/users\/1"}],"replies":[{"embeddable":true,"href":"https:\/\/indetecno.org.pe\/index.php\/wp-json\/wp\/v2\/comments?post=13"}],"version-history":[{"count":6,"href":"https:\/\/indetecno.org.pe\/index.php\/wp-json\/wp\/v2\/pages\/13\/revisions"}],"predecessor-version":[{"id":193,"href":"https:\/\/indetecno.org.pe\/index.php\/wp-json\/wp\/v2\/pages\/13\/revisions\/193"}],"wp:attachment":[{"href":"https:\/\/indetecno.org.pe\/index.php\/wp-json\/wp\/v2\/media?parent=13"}],"curies":[{"name":"wp","href":"https:\/\/api.w.org\/{rel}","templated":true}]}}