{"id":176,"date":"2025-04-16T10:24:25","date_gmt":"2025-04-16T15:24:25","guid":{"rendered":"https:\/\/indetecno.org.pe\/?page_id=176"},"modified":"2025-04-16T11:25:39","modified_gmt":"2025-04-16T16:25:39","slug":"objetivos","status":"publish","type":"page","link":"https:\/\/indetecno.org.pe\/index.php\/objetivos\/","title":{"rendered":"Objetivos"},"content":{"rendered":"\n<p>Los objetivos del Instituto son:<\/p>\n\n\n<div class=\"wp-block-image\">\n<figure class=\"alignleft size-full is-resized\"><img loading=\"lazy\" decoding=\"async\" width=\"512\" height=\"512\" src=\"https:\/\/indetecno.org.pe\/wp-content\/uploads\/2025\/04\/objetivo-Indetecno.png\" alt=\"\" class=\"wp-image-203\" style=\"width:199px;height:auto\" srcset=\"https:\/\/indetecno.org.pe\/wp-content\/uploads\/2025\/04\/objetivo-Indetecno.png 512w, https:\/\/indetecno.org.pe\/wp-content\/uploads\/2025\/04\/objetivo-Indetecno-300x300.png 300w, https:\/\/indetecno.org.pe\/wp-content\/uploads\/2025\/04\/objetivo-Indetecno-150x150.png 150w\" sizes=\"auto, (max-width: 512px) 100vw, 512px\" \/><\/figure>\n<\/div>\n\n\n<ol class=\"wp-block-list\">\n<li>Desarrollar proyectos de investigaci\u00f3n b\u00e1sica y aplicada para la peque\u00f1a agricultura y grupos organizados.<\/li>\n\n\n\n<li>Generar conocimiento cient\u00edfico en cadenas productivas que contribuyen a la mejora de las condiciones de vida de los productores, de la comunidad en general.<\/li>\n\n\n\n<li>Promover y fortalecer la peque\u00f1a agricultura con \u00e9nfasis en la econom\u00eda circular, soberan\u00eda alimentaria y equidad de g\u00e9nero.<\/li>\n\n\n\n<li>Consolidar las l\u00edneas de investigaci\u00f3n relacionadas con la agroexportaci\u00f3n, fortalecimiento de cadenas de valor.<\/li>\n\n\n\n<li>Promover alianzas estrat\u00e9gicas con otras entidades acad\u00e9micas como Universidad, Institutos, Cooperativas,<\/li>\n\n\n\n<li>Establecer redes de colaboraci\u00f3n con instituciones acad\u00e9micas, estado peruano, tanto a nivel nacional y extranjero.<\/li>\n\n\n\n<li>Promover la equidad de genera en las investigaciones y\/o actividades brindando especial apoyo a mujeres y j\u00f3venes<\/li>\n<\/ol>\n","protected":false},"excerpt":{"rendered":"<p>Los objetivos del Instituto son:<\/p>\n","protected":false},"author":1,"featured_media":0,"parent":0,"menu_order":0,"comment_status":"closed","ping_status":"closed","template":"","meta":{"footnotes":""},"class_list":["post-176","page","type-page","status-publish","hentry"],"_links":{"self":[{"href":"https:\/\/indetecno.org.pe\/index.php\/wp-json\/wp\/v2\/pages\/176","targetHints":{"allow":["GET"]}}],"collection":[{"href":"https:\/\/indetecno.org.pe\/index.php\/wp-json\/wp\/v2\/pages"}],"about":[{"href":"https:\/\/indetecno.org.pe\/index.php\/wp-json\/wp\/v2\/types\/page"}],"author":[{"embeddable":true,"href":"https:\/\/indetecno.org.pe\/index.php\/wp-json\/wp\/v2\/users\/1"}],"replies":[{"embeddable":true,"href":"https:\/\/indetecno.org.pe\/index.php\/wp-json\/wp\/v2\/comments?post=176"}],"version-history":[{"count":6,"href":"https:\/\/indetecno.org.pe\/index.php\/wp-json\/wp\/v2\/pages\/176\/revisions"}],"predecessor-version":[{"id":205,"href":"https:\/\/indetecno.org.pe\/index.php\/wp-json\/wp\/v2\/pages\/176\/revisions\/205"}],"wp:attachment":[{"href":"https:\/\/indetecno.org.pe\/index.php\/wp-json\/wp\/v2\/media?parent=176"}],"curies":[{"name":"wp","href":"https:\/\/api.w.org\/{rel}","templated":true}]}}