{"id":2,"date":"2024-12-14T20:03:10","date_gmt":"2024-12-15T01:03:10","guid":{"rendered":"https:\/\/indetecno.org.pe\/?page_id=2"},"modified":"2025-04-24T09:12:51","modified_gmt":"2025-04-24T14:12:51","slug":"pagina-ejemplo","status":"publish","type":"page","link":"https:\/\/indetecno.org.pe\/","title":{"rendered":"Inicio"},"content":{"rendered":"\n<div class=\"wp-block-columns is-layout-flex wp-container-core-columns-is-layout-9d6595d7 wp-block-columns-is-layout-flex\">\n<div class=\"wp-block-column is-layout-flow wp-block-column-is-layout-flow\" style=\"padding-top:0;padding-right:0;padding-bottom:0;padding-left:0;flex-basis:100%\"><style>.wp-block-kadence-spacer.kt-block-spacer-2_5af589-0b .kt-block-spacer{height:22px;}.wp-block-kadence-spacer.kt-block-spacer-2_5af589-0b .kt-divider{border-top-width:1px;height:1px;border-top-color:#eeeeee;width:80%;border-top-style:solid;}<\/style>\n<div class=\"wp-block-kadence-spacer aligncenter kt-block-spacer-2_5af589-0b\"><div class=\"kt-block-spacer kt-block-spacer-halign-center\"><hr class=\"kt-divider\"\/><\/div><\/div>\n\n\n\n<p class=\"has-text-align-center\" style=\"font-size:22px\">INDETECNO es una instituci\u00f3n dedicada a la investigaci\u00f3n agraria y desarrollo de proyectos productivos relacionados con la mejora de productividad y estandarizaci\u00f3n de la calidad de productos como caf\u00e9, cacao, panela granulada.<\/p>\n<\/div>\n<\/div>\n\n\n\n<p class=\"has-text-align-center has-medium-font-size\"><strong>Productos y Servicios<\/strong><\/p>\n\n\n\n<div class=\"wp-block-columns is-layout-flex wp-container-core-columns-is-layout-9d6595d7 wp-block-columns-is-layout-flex\">\n<div class=\"wp-block-column is-layout-flow wp-block-column-is-layout-flow\">\n<figure class=\"wp-block-image size-full\"><a href=\"https:\/\/indetecno.org.pe\/index.php\/viveros\/\"><img loading=\"lazy\" decoding=\"async\" width=\"398\" height=\"502\" src=\"https:\/\/indetecno.org.pe\/wp-content\/uploads\/2025\/03\/port-viveros.jpg\" alt=\"\" class=\"wp-image-129\" srcset=\"https:\/\/indetecno.org.pe\/wp-content\/uploads\/2025\/03\/port-viveros.jpg 398w, https:\/\/indetecno.org.pe\/wp-content\/uploads\/2025\/03\/port-viveros-238x300.jpg 238w\" sizes=\"auto, (max-width: 398px) 100vw, 398px\" \/><\/a><\/figure>\n<\/div>\n\n\n\n<div class=\"wp-block-column is-layout-flow wp-block-column-is-layout-flow\">\n<figure class=\"wp-block-image size-full\"><a href=\"https:\/\/indetecno.org.pe\/index.php\/abonos\/\"><img loading=\"lazy\" decoding=\"async\" width=\"398\" height=\"502\" src=\"https:\/\/indetecno.org.pe\/wp-content\/uploads\/2025\/03\/port-abonos.jpg\" alt=\"\" class=\"wp-image-125\" srcset=\"https:\/\/indetecno.org.pe\/wp-content\/uploads\/2025\/03\/port-abonos.jpg 398w, https:\/\/indetecno.org.pe\/wp-content\/uploads\/2025\/03\/port-abonos-238x300.jpg 238w\" sizes=\"auto, (max-width: 398px) 100vw, 398px\" \/><\/a><\/figure>\n<\/div>\n\n\n\n<div class=\"wp-block-column is-layout-flow wp-block-column-is-layout-flow\">\n<figure class=\"wp-block-image size-full\"><a href=\"https:\/\/indetecno.org.pe\/index.php\/capacitaciones\/\"><img loading=\"lazy\" decoding=\"async\" width=\"398\" height=\"502\" src=\"https:\/\/indetecno.org.pe\/wp-content\/uploads\/2025\/03\/port-capacitaciones.jpg\" alt=\"\" class=\"wp-image-127\" srcset=\"https:\/\/indetecno.org.pe\/wp-content\/uploads\/2025\/03\/port-capacitaciones.jpg 398w, https:\/\/indetecno.org.pe\/wp-content\/uploads\/2025\/03\/port-capacitaciones-238x300.jpg 238w\" sizes=\"auto, (max-width: 398px) 100vw, 398px\" \/><\/a><\/figure>\n<\/div>\n\n\n\n<div class=\"wp-block-column is-layout-flow wp-block-column-is-layout-flow\">\n<figure class=\"wp-block-image size-full\"><a href=\"https:\/\/indetecno.org.pe\/index.php\/biochar\/\"><img loading=\"lazy\" decoding=\"async\" width=\"398\" height=\"502\" src=\"https:\/\/indetecno.org.pe\/wp-content\/uploads\/2025\/04\/port-biochar.jpg\" alt=\"\" class=\"wp-image-209\" srcset=\"https:\/\/indetecno.org.pe\/wp-content\/uploads\/2025\/04\/port-biochar.jpg 398w, https:\/\/indetecno.org.pe\/wp-content\/uploads\/2025\/04\/port-biochar-238x300.jpg 238w\" sizes=\"auto, (max-width: 398px) 100vw, 398px\" \/><\/a><\/figure>\n<\/div>\n\n\n\n<div class=\"wp-block-column is-layout-flow wp-block-column-is-layout-flow\">\n<figure class=\"wp-block-image size-full\"><a href=\"https:\/\/indetecno.org.pe\/index.php\/secadores-solares\/\"><img loading=\"lazy\" decoding=\"async\" width=\"398\" height=\"502\" src=\"https:\/\/indetecno.org.pe\/wp-content\/uploads\/2025\/04\/port-secadores-solares.jpg\" alt=\"\" class=\"wp-image-210\" srcset=\"https:\/\/indetecno.org.pe\/wp-content\/uploads\/2025\/04\/port-secadores-solares.jpg 398w, https:\/\/indetecno.org.pe\/wp-content\/uploads\/2025\/04\/port-secadores-solares-238x300.jpg 238w\" sizes=\"auto, (max-width: 398px) 100vw, 398px\" \/><\/a><\/figure>\n<\/div>\n<\/div>\n\n\n<style>.wp-block-kadence-spacer.kt-block-spacer-2_ced3b3-7c .kt-block-spacer{height:22px;}.wp-block-kadence-spacer.kt-block-spacer-2_ced3b3-7c .kt-divider{border-top-width:1px;height:1px;border-top-color:#ffffff;width:80%;border-top-style:solid;}<\/style>\n<div class=\"wp-block-kadence-spacer aligncenter kt-block-spacer-2_ced3b3-7c\"><div class=\"kt-block-spacer kt-block-spacer-halign-center\"><hr class=\"kt-divider\"\/><\/div><\/div>\n\n\n\n<p class=\"has-text-align-center has-medium-font-size\"><strong>Proyectos<\/strong><\/p>\n\n\n        <div class=\"gutslider-f5aedb6d nav_inside nav_cc alignfull wp-block-gutsliders-post-slider\" data-swiper-options=\"{&quot;slidesPerView&quot;:1,&quot;spaceBetween&quot;:0,&quot;loop&quot;:true,&quot;autoplay&quot;:false,&quot;speed&quot;:800,&quot;effect&quot;:&quot;creative&quot;,&quot;creativeEffect&quot;:{&quot;prev&quot;:{&quot;shadow&quot;:true,&quot;translate&quot;:[&quot;-20%&quot;,0,-1]},&quot;next&quot;:{&quot;translate&quot;:[&quot;100%&quot;,0,0]}},&quot;keyboard&quot;:{&quot;enabled&quot;:false},&quot;mousewheel&quot;:false,&quot;navigation&quot;:{&quot;nextEl&quot;:&quot;.gutslider-f5aedb6d .swiper-button-next&quot;,&quot;prevEl&quot;:&quot;.gutslider-f5aedb6d .swiper-button-prev&quot;},&quot;pagination&quot;:{&quot;el&quot;:&quot;.gutslider-f5aedb6d .swiper-pagination&quot;,&quot;type&quot;:&quot;bullets&quot;,&quot;dynamicBullets&quot;:false,&quot;clickable&quot;:true}}\">\n                <div class=\"swiper\">\n                    <div class=\"swiper-wrapper\">\n                                                    <div class=\"swiper-slide slide-mode\">\n                                    <div class=\"swiper-container-outer\" style=\"background-image: url(https:\/\/indetecno.org.pe\/wp-content\/uploads\/2024\/12\/proyecto-cafe-eliminar.jpg);\">\n                                                                                    <div class=\"gutslider-overlay\"><\/div>\n                                                                                <div class=\"gutslider-content-wrapper\">\n                                            <div class=\"gutslider-content-inner\">\n                                                \n                                                                                                    <a href=\"https:\/\/indetecno.org.pe\/index.php\/2024\/12\/14\/hola-mundo\/\" class=\"post-title\"><h2 class=\"post-title none\">\u00abDeterminaci\u00f3n de la eficiencia de cuatro tipos de secadores para caf\u00e9 pergamino en las zonas productoras de caf\u00e9 de la Regi\u00f3n Piura\u00bb<\/h2><\/a>                                                \n                                                \n                                                                                                    <div class=\"post-cta-wrapper \">\n                                                        <a href=\"https:\/\/indetecno.org.pe\/index.php\/2024\/12\/14\/hola-mundo\/\" class=\"post-cta\">\n                                                            Ver Proyecto Completo                                                        <\/a>\n                                                    <\/div>\n                                                                                            <\/div>\n                                        <\/div>\n                                    <\/div>\n                                <\/div>\n                                                    <\/div>\n                                                    <div class=\"gutslider-nav nav_inside nav_cc\">\n                                                                            <div class=\"swiper-button-prev\"><\/div>\n                                        <div class=\"swiper-button-next\"><\/div>\n                                                                    <\/div>\n                                                                                <div class=\"swiper-pagination\"><\/div>\n                                            <\/div>\n                            <\/div>  \n        \n\n\n<p><\/p>\n","protected":false},"excerpt":{"rendered":"<p>INDETECNO es una instituci\u00f3n dedicada a la investigaci\u00f3n agraria y desarrollo de proyectos productivos relacionados con la mejora de productividad y estandarizaci\u00f3n de la calidad de productos como caf\u00e9, cacao, panela granulada. Productos y Servicios Proyectos<\/p>\n","protected":false},"author":1,"featured_media":40,"parent":0,"menu_order":0,"comment_status":"closed","ping_status":"open","template":"","meta":{"footnotes":""},"class_list":["post-2","page","type-page","status-publish","has-post-thumbnail","hentry"],"_links":{"self":[{"href":"https:\/\/indetecno.org.pe\/index.php\/wp-json\/wp\/v2\/pages\/2","targetHints":{"allow":["GET"]}}],"collection":[{"href":"https:\/\/indetecno.org.pe\/index.php\/wp-json\/wp\/v2\/pages"}],"about":[{"href":"https:\/\/indetecno.org.pe\/index.php\/wp-json\/wp\/v2\/types\/page"}],"author":[{"embeddable":true,"href":"https:\/\/indetecno.org.pe\/index.php\/wp-json\/wp\/v2\/users\/1"}],"replies":[{"embeddable":true,"href":"https:\/\/indetecno.org.pe\/index.php\/wp-json\/wp\/v2\/comments?post=2"}],"version-history":[{"count":39,"href":"https:\/\/indetecno.org.pe\/index.php\/wp-json\/wp\/v2\/pages\/2\/revisions"}],"predecessor-version":[{"id":228,"href":"https:\/\/indetecno.org.pe\/index.php\/wp-json\/wp\/v2\/pages\/2\/revisions\/228"}],"wp:featuredmedia":[{"embeddable":true,"href":"https:\/\/indetecno.org.pe\/index.php\/wp-json\/wp\/v2\/media\/40"}],"wp:attachment":[{"href":"https:\/\/indetecno.org.pe\/index.php\/wp-json\/wp\/v2\/media?parent=2"}],"curies":[{"name":"wp","href":"https:\/\/api.w.org\/{rel}","templated":true}]}}