{"id":46,"date":"2024-12-18T20:28:46","date_gmt":"2024-12-19T01:28:46","guid":{"rendered":"https:\/\/indetecno.org.pe\/?page_id=46"},"modified":"2025-04-16T10:56:34","modified_gmt":"2025-04-16T15:56:34","slug":"quienes-somos","status":"publish","type":"page","link":"https:\/\/indetecno.org.pe\/index.php\/quienes-somos\/","title":{"rendered":"Qui\u00e9nes Somos"},"content":{"rendered":"\n<p>INDETECNO es una instituci\u00f3n dedicada a la investigaci\u00f3n agraria y desarrollo de proyectos productivos relacionados con la mejora de productividad y estandarizaci\u00f3n de la calidad de productos como caf\u00e9, cacao, panela granulada.<\/p>\n\n\n\n<p>Su constituci\u00f3n se realiz\u00f3 el 27 de Diciembre del a\u00f1o 2016 en la ciudad de Piura, cuyos socios son:<\/p>\n\n\n\n<ul class=\"wp-block-list\">\n<li><img loading=\"lazy\" decoding=\"async\" width=\"60\" height=\"49\" class=\"wp-image-158\" style=\"width: 60px;\" src=\"https:\/\/indetecno.org.pe\/wp-content\/uploads\/2025\/03\/norandino.png\" alt=\"\">Coop Norandino Ltda. <a href=\"http:\/\/www.coopnorandino.com.pe\" target=\"_blank\" rel=\"noreferrer noopener\">www.coopnorandino.com.pe<\/a><\/li>\n\n\n\n<li><img loading=\"lazy\" decoding=\"async\" width=\"50\" height=\"47\" class=\"wp-image-161\" style=\"width: 50px;\" src=\"https:\/\/indetecno.org.pe\/wp-content\/uploads\/2025\/03\/ONG-Progreso.png\" alt=\"\">ONG Progreso <a href=\"http:\/\/www.progreso.org.pe\" target=\"_blank\" rel=\"noreferrer noopener\">www.progreso.org.pe<\/a><\/li>\n\n\n\n<li><img loading=\"lazy\" decoding=\"async\" width=\"50\" height=\"43\" class=\"wp-image-162\" style=\"width: 50px;\" src=\"https:\/\/indetecno.org.pe\/wp-content\/uploads\/2025\/03\/Coopac-norandino.png\" alt=\"\">Coopac NORANDINO Ltda. <a href=\"http:\/\/www.coopacnorandino.com\" target=\"_blank\" rel=\"noreferrer noopener\">www.coopacnorandino.com<\/a><\/li>\n<\/ul>\n\n\n\n<p>Promueve la agricultura org\u00e1nica, desarrollada por familias de productores en las zonas rurales en base a los principios de comercio justo, que les permite mejorar sus condiciones de vida y asegurar estabilidad en la generaci\u00f3n de ingresos econ\u00f3micos para el sustento de sus familias.<\/p>\n\n\n\n<p>Asimismo, pone mucho \u00e9nfasis en la filosof\u00eda de la econom\u00eda circular, rescatando el modelo de producci\u00f3n ancestral que se destaca por&nbsp;&nbsp; reutilizar, reparar, renovar y reciclar materiales y productos existentes en la medida de lo posible que permita a\u00f1adir valor a lo largo de toda la cadena de valor y extender la vida de los productos y sub productos. Trabajamos con hombres y mujeres sin discriminaci\u00f3n alguna promoviendo la equidad de g\u00e9nero, la creaci\u00f3n de oportunidades sin distinci\u00f3n de ning\u00fan tipo, as\u00ed como el involucramiento de j\u00f3venes en actividades productivas que les permite un relacionamiento con la comunidad.<\/p>\n","protected":false},"excerpt":{"rendered":"<p>INDETECNO es una instituci\u00f3n dedicada a la investigaci\u00f3n agraria y desarrollo de proyectos productivos relacionados con la mejora de productividad y estandarizaci\u00f3n de la calidad de productos como caf\u00e9, cacao, panela granulada. Su constituci\u00f3n se realiz\u00f3 el 27 de Diciembre del a\u00f1o 2016 en la ciudad de Piura, cuyos socios son: Promueve la agricultura org\u00e1nica, [&hellip;]<\/p>\n","protected":false},"author":1,"featured_media":0,"parent":0,"menu_order":0,"comment_status":"closed","ping_status":"closed","template":"","meta":{"footnotes":""},"class_list":["post-46","page","type-page","status-publish","hentry"],"_links":{"self":[{"href":"https:\/\/indetecno.org.pe\/index.php\/wp-json\/wp\/v2\/pages\/46","targetHints":{"allow":["GET"]}}],"collection":[{"href":"https:\/\/indetecno.org.pe\/index.php\/wp-json\/wp\/v2\/pages"}],"about":[{"href":"https:\/\/indetecno.org.pe\/index.php\/wp-json\/wp\/v2\/types\/page"}],"author":[{"embeddable":true,"href":"https:\/\/indetecno.org.pe\/index.php\/wp-json\/wp\/v2\/users\/1"}],"replies":[{"embeddable":true,"href":"https:\/\/indetecno.org.pe\/index.php\/wp-json\/wp\/v2\/comments?post=46"}],"version-history":[{"count":9,"href":"https:\/\/indetecno.org.pe\/index.php\/wp-json\/wp\/v2\/pages\/46\/revisions"}],"predecessor-version":[{"id":196,"href":"https:\/\/indetecno.org.pe\/index.php\/wp-json\/wp\/v2\/pages\/46\/revisions\/196"}],"wp:attachment":[{"href":"https:\/\/indetecno.org.pe\/index.php\/wp-json\/wp\/v2\/media?parent=46"}],"curies":[{"name":"wp","href":"https:\/\/api.w.org\/{rel}","templated":true}]}}